{"id":10,"date":"2016-09-16T05:56:46","date_gmt":"2016-09-16T05:56:46","guid":{"rendered":"http:\/\/letsjob.pl\/?page_id=10"},"modified":"2023-11-07T20:30:55","modified_gmt":"2023-11-07T20:30:55","slug":"dla-pracodawcy","status":"publish","type":"page","link":"https:\/\/letsjob.pl\/?page_id=10","title":{"rendered":"Dla Pracodawcy"},"content":{"rendered":"<p style=\"text-align: center;\"><strong>DORADZTWO W ZAKRESIE ZATRUDNIENIA CUDZOZIEMC\u00d3W.<\/strong><\/p>\n<p style=\"text-align: center;\">Uzyskujemy w imieniu pracodawc\u00f3w niezb\u0119dne dokumenty potrzebne do legalnego zatrudnienia cudzoziemc\u00f3w, takie jak: zezwolenia na prac\u0119 typu A, B, C, D, E, zezwolenia na prac\u0119 sezonow\u0105 typu S, o\u015bwiadczenia o powierzeniu wykonania pracy cudzoziemcowi, informacje o podj\u0119ciu pracy). Zape\u0142nienie ci\u0105g\u0142o\u015bci legalno\u015bci pracy, konsultacje dotycz\u0105ce relokacji pracownik\u00f3w. Zasady prowadzenia Agencji Pracy Tymczasowej i Leasingu Pracownik\u00f3w.<\/p>\n<p style=\"text-align: center;\"><strong>DORADZTWO W OBSZARZE PRAWA PRACY I PRAWA UBEZPIECZE\u0143 SPO\u0141ECZNYCH W ZAKRESIE ODNOSZ\u0104CYM SI\u0118 DO ZATRUDNIENIA CUDZOZIEMC\u00d3W.<\/strong><\/p>\n<p style=\"text-align: center;\">Przygotowanie niezb\u0119dnych formularzy, wzor\u00f3w um\u00f3w, wykazu wymaganych szkole\u0144 oraz bada\u0144. Przygotowanie dokumentacji zwi\u0105zanych ze zmian\u0105 warunk\u00f3w zatrudnienia, przeniesienie wewn\u0105trz przedsi\u0119biorstwa. Sprawdzenie legalno\u015bci pobytu cudzoziemca i okresu mo\u017cliwo\u015bci zatrudnienia. Wsparcie w terminowym wykonaniu obowi\u0105zk\u00f3w ci\u0105\u017c\u0105cych na podmiocie powierzaj\u0105cym prac\u0119 cudzoziemcowi oraz w zakresie prowadzenia akt osobowych oraz ich przechowywania.<\/p>\n<p style=\"text-align: center;\"><strong>AUDYT ZATRUDNIENIA CUDZOZIEMC\u00d3W.<\/strong><\/p>\n<p style=\"text-align: center;\">Przeprowadzamy audyt legalno\u015bci zatrudnienia, pracownik\u00f3w ju\u017c pracuj\u0105cych w firmie. Us\u0142uga\u00a0 polega na kompleksowej analizie wykorzystywanych procedur i praktyk. Specjalnie przygotujemy indywidualny raport, zawieraj\u0105cy wy\u0142apane przez nas b\u0142\u0119dy oraz sposoby\u00a0 ich rozwi\u0105zania.<\/p>\n<p style=\"text-align: center;\"><strong>SZKOLENIE W ZAKRESIE ZATRUDNIENIA CUDZOZIEMC\u00d3W.<\/strong><\/p>\n<p style=\"text-align: center;\">Ocena mo\u017cliwo\u015bci zatrudnienia cudzoziemc\u00f3w na etapie rekrutacji. Legalno\u015b\u0107 zatrudniania oraz pobytu cudzoziemc\u00f3w na terytorium RP, wymagania dotycz\u0105ce zatrudnienia cudzoziemc\u00f3w, aktualny wykaz obowi\u0105zuj\u0105cych w Polsce przepis\u00f3w prawnych, regulacje prawne Prawa Pracy i Prawa Ubezpiecze\u0144 Spo\u0142ecznych, zmiany i u\u0142atwienia dot. zatrudnienia obywateli Ukrainy. Zasady prowadzenia Agencji Pracy Tymczasowej i Leasingu Pracownik\u00f3w.<\/p>\n<p style=\"text-align: center;\"><strong>AGENCJA PO\u015aREDNICTWA PRACY I LEASINGU PRACOWNIK\u00d3W.<\/strong><\/p>\n<p style=\"text-align: center;\">Oferujemy profesjonalne us\u0142ugi rekrutacyjne dla os\u00f3b poszukuj\u0105cych pracy,\u00a0jak i r\u00f3wnie\u017c dla pracodawc\u00f3w z Polski, poszukuj\u0105cych odpowiednio wykwalifikowanych pracownik\u00f3w.<\/p>\n<p style=\"text-align: center;\">Specjalizujemy si\u0119 w rekrutacji wykwalifikowanych pracownik\u00f3w ni\u017cszego i \u015bredniego szczebla dla polskich pracodawc\u00f3w. Rekrutujemy pracownik\u00f3w z Europy Wschodniej. Dzia\u0142amy na rzecz optymalnego po\u0142\u0105czenia potrzeb i oczekiwa\u0144 os\u00f3b poszukuj\u0105cych pracy oraz pracodawc\u00f3w poszukuj\u0105cych pracownik\u00f3w.<\/p>\n","protected":false},"excerpt":{"rendered":"<p>DORADZTWO W ZAKRESIE ZATRUDNIENIA CUDZOZIEMC\u00d3W. Uzyskujemy w imieniu pracodawc\u00f3w niezb\u0119dne dokumenty potrzebne do legalnego zatrudnienia cudzoziemc\u00f3w, takie jak: zezwolenia na prac\u0119 typu A, B, C, D, E, zezwolenia na prac\u0119 sezonow\u0105 typu S, o\u015bwiadczenia o powierzeniu wykonania pracy cudzoziemcowi, informacje o podj\u0119ciu pracy). Zape\u0142nienie ci\u0105g\u0142o\u015bci legalno\u015bci pracy, konsultacje dotycz\u0105ce relokacji pracownik\u00f3w. Zasady prowadzenia Agencji Pracy &hellip; <\/p>\n<p class=\"link-more\"><a href=\"https:\/\/letsjob.pl\/?page_id=10\" class=\"more-link\">Czytaj dalej<span class=\"screen-reader-text\"> \u201eDla Pracodawcy\u201d<\/span><\/a><\/p>\n","protected":false},"author":2,"featured_media":0,"parent":0,"menu_order":0,"comment_status":"closed","ping_status":"closed","template":"","meta":[],"jetpack_sharing_enabled":true,"_links":{"self":[{"href":"https:\/\/letsjob.pl\/index.php?rest_route=\/wp\/v2\/pages\/10"}],"collection":[{"href":"https:\/\/letsjob.pl\/index.php?rest_route=\/wp\/v2\/pages"}],"about":[{"href":"https:\/\/letsjob.pl\/index.php?rest_route=\/wp\/v2\/types\/page"}],"author":[{"embeddable":true,"href":"https:\/\/letsjob.pl\/index.php?rest_route=\/wp\/v2\/users\/2"}],"replies":[{"embeddable":true,"href":"https:\/\/letsjob.pl\/index.php?rest_route=%2Fwp%2Fv2%2Fcomments&post=10"}],"version-history":[{"count":8,"href":"https:\/\/letsjob.pl\/index.php?rest_route=\/wp\/v2\/pages\/10\/revisions"}],"predecessor-version":[{"id":181,"href":"https:\/\/letsjob.pl\/index.php?rest_route=\/wp\/v2\/pages\/10\/revisions\/181"}],"wp:attachment":[{"href":"https:\/\/letsjob.pl\/index.php?rest_route=%2Fwp%2Fv2%2Fmedia&parent=10"}],"curies":[{"name":"wp","href":"https:\/\/api.w.org\/{rel}","templated":true}]}}