{"id":12,"date":"2016-09-16T05:57:02","date_gmt":"2016-09-16T05:57:02","guid":{"rendered":"http:\/\/letsjob.pl\/?page_id=12"},"modified":"2023-11-07T21:02:09","modified_gmt":"2023-11-07T21:02:09","slug":"dla-pracownika","status":"publish","type":"page","link":"https:\/\/letsjob.pl\/?page_id=12","title":{"rendered":"Dla Cudzoziemc\u00f3w"},"content":{"rendered":"<p style=\"text-align: center;\"><strong>Rejestracja obywateli UE i cz\u0142onk\u00f3w ich rodzin w Polsce.<\/strong><\/p>\n<p style=\"text-align: center;\"><strong>LEGALIZACJA POBYTU CUDZOZIEMC\u00d3W spoza UE.<\/strong><\/p>\n<p style=\"text-align: center;\">Karta tymczasowego pobytu<\/p>\n<p style=\"text-align: center;\">Karta sta\u0142ego pobytu<\/p>\n<p style=\"text-align: center;\">Karta rezydenta UE<\/p>\n<p style=\"text-align: center;\">Obywatelstwo<\/p>\n<p style=\"text-align: center;\"><strong>SZKOLENIE W ZAKRESIE LEGALIZACJI POBYTU CUDZOZIEMC\u00d3W SPOZA UE.<\/strong><\/p>\n<p style=\"text-align: center;\">(w trakcie przygotowania kursu)<\/p>\n<p style=\"text-align: center;\"><strong>DORADZTWO W ZAKRESIE:<\/strong><\/p>\n<p style=\"text-align: center;\">Prawo jazdy, rejestracja ma\u0142\u017ce\u0144stwa, zasi\u0142ki dla cudzoziemc\u00f3w, za\u015bwiadczenia i rozliczenia podatkowe, rejestracja PESEL i inne.<\/p>\n","protected":false},"excerpt":{"rendered":"<p>Rejestracja obywateli UE i cz\u0142onk\u00f3w ich rodzin w Polsce. LEGALIZACJA POBYTU CUDZOZIEMC\u00d3W spoza UE. Karta tymczasowego pobytu Karta sta\u0142ego pobytu Karta rezydenta UE Obywatelstwo SZKOLENIE W ZAKRESIE LEGALIZACJI POBYTU CUDZOZIEMC\u00d3W SPOZA UE. (w trakcie przygotowania kursu) DORADZTWO W ZAKRESIE: Prawo jazdy, rejestracja ma\u0142\u017ce\u0144stwa, zasi\u0142ki dla cudzoziemc\u00f3w, za\u015bwiadczenia i rozliczenia podatkowe, rejestracja PESEL i inne.<\/p>\n","protected":false},"author":2,"featured_media":0,"parent":0,"menu_order":0,"comment_status":"closed","ping_status":"closed","template":"","meta":[],"jetpack_sharing_enabled":true,"_links":{"self":[{"href":"https:\/\/letsjob.pl\/index.php?rest_route=\/wp\/v2\/pages\/12"}],"collection":[{"href":"https:\/\/letsjob.pl\/index.php?rest_route=\/wp\/v2\/pages"}],"about":[{"href":"https:\/\/letsjob.pl\/index.php?rest_route=\/wp\/v2\/types\/page"}],"author":[{"embeddable":true,"href":"https:\/\/letsjob.pl\/index.php?rest_route=\/wp\/v2\/users\/2"}],"replies":[{"embeddable":true,"href":"https:\/\/letsjob.pl\/index.php?rest_route=%2Fwp%2Fv2%2Fcomments&post=12"}],"version-history":[{"count":34,"href":"https:\/\/letsjob.pl\/index.php?rest_route=\/wp\/v2\/pages\/12\/revisions"}],"predecessor-version":[{"id":190,"href":"https:\/\/letsjob.pl\/index.php?rest_route=\/wp\/v2\/pages\/12\/revisions\/190"}],"wp:attachment":[{"href":"https:\/\/letsjob.pl\/index.php?rest_route=%2Fwp%2Fv2%2Fmedia&parent=12"}],"curies":[{"name":"wp","href":"https:\/\/api.w.org\/{rel}","templated":true}]}}