{"id":8,"date":"2016-09-16T05:55:18","date_gmt":"2016-09-16T05:55:18","guid":{"rendered":"http:\/\/letsjob.pl\/?page_id=8"},"modified":"2023-11-07T20:52:30","modified_gmt":"2023-11-07T20:52:30","slug":"o-nas","status":"publish","type":"page","link":"https:\/\/letsjob.pl\/","title":{"rendered":"O firmie"},"content":{"rendered":"<p style=\"text-align: center;\">Let\u2019s Job!\u00a0 to nowoczesna, pr\u0119\u017cnie rozwijaj\u0105ca si\u0119 firma Doradcza w zakresie legalizacji pracy i pobytu cudzoziemc\u00f3w oraz Agencja Po\u015brednictwa Pracy i Leasingu Pracownik\u00f3w z siedzib\u0105 w Warszawie.<\/p>\n<p style=\"text-align: center;\"><span style=\"color: #000000;\">Dzia\u0142amy na rzecz optymalnego po\u0142\u0105czenia potrzeb i oczekiwa\u0144 naszych klient\u00f3w.<\/span><\/p>\n<p style=\"text-align: center;\"><strong>Gwarantujemy:<\/strong><\/p>\n<p style=\"text-align: center;\">\u2022 pomoc przy za\u0142atwianiu formalno\u015bci zwi\u0105zanych z legalizacj\u0105 pobytu oraz pobytu pobytem cudzoziemca na terytorium RP<\/p>\n<p style=\"text-align: center;\">\u2022 legalno\u015b\u0107 zatrudnienia<\/p>\n<p style=\"text-align: center;\">\u2022 kompleksow\u0105 rekrutacje pracownik\u00f3w<\/p>\n<p style=\"text-align: center;\">\u2022 <span style=\"color: #000000;\">rozbudowana baza danych kandydat\u00f3w poszukuj\u0105cych pracy<\/span><\/p>\n<p style=\"text-align: center;\"><span style=\"color: #000000;\">\u2022 dob\u00f3r odpowiednich u\u0142atwie\u0144, spe\u0142niaj\u0105cych wymagania naszych Klient\u00f3w<\/span><\/p>\n<p style=\"text-align: center;\"><span style=\"color: #000000;\"> \u2022 zapewnienie us\u0142ug na najwy\u017cszym poziomie za konkurencyjn\u0105 cen\u0119<\/span><\/p>\n<p style=\"text-align: center;\"><span style=\"color: #000000;\">\u2022 wynagrodzenie p\u0142atne dopiero po wykonaniu zlecenia<\/span><\/p>\n<p style=\"text-align: center;\"><span style=\"color: #000000;\">\u2022 odpowiedzialno\u015b\u0107 za realizacje zlecenia\u00a0<\/span><\/p>\n<p style=\"text-align: center;\">\u2022 sta\u0142\u0105 opiek\u0119<\/p>\n<p style=\"text-align: center;\">\u2022 rozwi\u0105zanie na miar\u0119 Pa\u0144stwa oczekiwa\u0144<\/p>\n<p style=\"text-align: center;\"><span style=\"color: #000000;\">Firma Let\u2019s Job! wpisana jest do Krajowego Rejestru Agencji Zatrudnienia pod numerem 19003 \/ 14632.<\/span><\/p>\n<p class=\"hide-if-no-js\">\n","protected":false},"excerpt":{"rendered":"<p>Let\u2019s Job!\u00a0 to nowoczesna, pr\u0119\u017cnie rozwijaj\u0105ca si\u0119 firma Doradcza w zakresie legalizacji pracy i pobytu cudzoziemc\u00f3w oraz Agencja Po\u015brednictwa Pracy i Leasingu Pracownik\u00f3w z siedzib\u0105 w Warszawie. Dzia\u0142amy na rzecz optymalnego po\u0142\u0105czenia potrzeb i oczekiwa\u0144 naszych klient\u00f3w. Gwarantujemy: \u2022 pomoc przy za\u0142atwianiu formalno\u015bci zwi\u0105zanych z legalizacj\u0105 pobytu oraz pobytu pobytem cudzoziemca na terytorium RP \u2022 &hellip; <\/p>\n<p class=\"link-more\"><a href=\"https:\/\/letsjob.pl\/\" class=\"more-link\">Czytaj dalej<span class=\"screen-reader-text\"> \u201eO firmie\u201d<\/span><\/a><\/p>\n","protected":false},"author":2,"featured_media":144,"parent":0,"menu_order":0,"comment_status":"closed","ping_status":"closed","template":"","meta":[],"jetpack_sharing_enabled":true,"_links":{"self":[{"href":"https:\/\/letsjob.pl\/index.php?rest_route=\/wp\/v2\/pages\/8"}],"collection":[{"href":"https:\/\/letsjob.pl\/index.php?rest_route=\/wp\/v2\/pages"}],"about":[{"href":"https:\/\/letsjob.pl\/index.php?rest_route=\/wp\/v2\/types\/page"}],"author":[{"embeddable":true,"href":"https:\/\/letsjob.pl\/index.php?rest_route=\/wp\/v2\/users\/2"}],"replies":[{"embeddable":true,"href":"https:\/\/letsjob.pl\/index.php?rest_route=%2Fwp%2Fv2%2Fcomments&post=8"}],"version-history":[{"count":35,"href":"https:\/\/letsjob.pl\/index.php?rest_route=\/wp\/v2\/pages\/8\/revisions"}],"predecessor-version":[{"id":185,"href":"https:\/\/letsjob.pl\/index.php?rest_route=\/wp\/v2\/pages\/8\/revisions\/185"}],"wp:featuredmedia":[{"embeddable":true,"href":"https:\/\/letsjob.pl\/index.php?rest_route=\/wp\/v2\/media\/144"}],"wp:attachment":[{"href":"https:\/\/letsjob.pl\/index.php?rest_route=%2Fwp%2Fv2%2Fmedia&parent=8"}],"curies":[{"name":"wp","href":"https:\/\/api.w.org\/{rel}","templated":true}]}}